{"id":8670,"date":"2020-12-31T07:56:13","date_gmt":"2020-12-31T07:56:13","guid":{"rendered":"http:\/\/laspalmasprd.wpengine.com\/?post_type=product&#038;p=8670"},"modified":"2020-12-31T16:14:47","modified_gmt":"2020-12-31T16:14:47","slug":"chili-beans","status":"publish","type":"product","link":"https:\/\/laspalmassauces.com\/es_us\/product\/chili-beans\/","title":{"rendered":"Frijoles con Chile"},"content":{"rendered":"<p>El secreto de la aut\u00e9ntica comida mexicana es utilizar solamente los ingredientes m\u00e1s aut\u00e9nticos y de calidad superior. Los Frijoles Vegetarianos con Chile\u00a0<em>Las Palmas<\/em>\u00ae son el ingrediente perfecto para tus recetas favoritas, como los chiles con carne y frijoles.<\/p>\n<p>109 onzas<\/p>\n","protected":false},"excerpt":{"rendered":"<p>El secreto de la aut\u00e9ntica comida mexicana es utilizar solamente los ingredientes m\u00e1s aut\u00e9nticos y de calidad superior. Los Frijoles Vegetarianos con Chile\u00a0Las Palmas\u00ae son el ingrediente perfecto para tus recetas favoritas, como los chiles con carne y frijoles. 109 onzas<\/p>\n","protected":false},"featured_media":8494,"template":"","meta":{"_acf_changed":false},"product_brand":[],"product_cat":[317,317],"product_tag":[],"class_list":{"0":"post-8670","1":"product","2":"type-product","3":"status-publish","4":"has-post-thumbnail","6":"product_cat-beans","9":"first","10":"instock","11":"shipping-taxable","12":"product-type-variable"},"acf":[],"yoast_head":"<!-- This site is optimized with the Yoast SEO Premium plugin v27.3 (Yoast SEO v27.3) - https:\/\/yoast.com\/product\/yoast-seo-premium-wordpress\/ -->\n<title>Frijoles con Chile - Las Palmas Sauces<\/title>\n<meta name=\"robots\" content=\"index, follow, max-snippet:-1, max-image-preview:large, max-video-preview:-1\" \/>\n<link rel=\"canonical\" href=\"https:\/\/laspalmassauces.com\/es_us\/product\/chili-beans\/\" \/>\n<meta property=\"og:locale\" content=\"es_ES\" \/>\n<meta property=\"og:type\" content=\"article\" \/>\n<meta property=\"og:title\" content=\"Frijoles con Chile\" \/>\n<meta property=\"og:description\" content=\"El secreto de la aut\u00e9ntica comida mexicana es utilizar solamente los ingredientes m\u00e1s aut\u00e9nticos y de calidad superior. Los Frijoles Vegetarianos con\" \/>\n<meta property=\"og:url\" content=\"https:\/\/laspalmassauces.com\/es_us\/product\/chili-beans\/\" \/>\n<meta property=\"og:site_name\" content=\"Las Palmas Sauces\" \/>\n<meta property=\"article:modified_time\" content=\"2020-12-31T16:14:47+00:00\" \/>\n<meta property=\"og:image\" content=\"https:\/\/laspalmassauces.com\/wp-content\/uploads\/product-41501130568-2.png\" \/>\n\t<meta property=\"og:image:width\" content=\"900\" \/>\n\t<meta property=\"og:image:height\" content=\"900\" \/>\n\t<meta property=\"og:image:type\" content=\"image\/png\" \/>\n<meta name=\"twitter:card\" content=\"summary_large_image\" \/>\n<script type=\"application\/ld+json\" class=\"yoast-schema-graph\">{\"@context\":\"https:\\\/\\\/schema.org\",\"@graph\":[{\"@type\":\"WebPage\",\"@id\":\"https:\\\/\\\/laspalmassauces.com\\\/es_us\\\/product\\\/chili-beans\\\/\",\"url\":\"https:\\\/\\\/laspalmassauces.com\\\/es_us\\\/product\\\/chili-beans\\\/\",\"name\":\"Frijoles con Chile - Las Palmas Sauces\",\"isPartOf\":{\"@id\":\"https:\\\/\\\/laspalmassauces.com\\\/#website\"},\"primaryImageOfPage\":{\"@id\":\"https:\\\/\\\/laspalmassauces.com\\\/es_us\\\/product\\\/chili-beans\\\/#primaryimage\"},\"image\":{\"@id\":\"https:\\\/\\\/laspalmassauces.com\\\/es_us\\\/product\\\/chili-beans\\\/#primaryimage\"},\"thumbnailUrl\":\"https:\\\/\\\/laspalmassauces.com\\\/wp-content\\\/uploads\\\/product-41501130568-2.png\",\"datePublished\":\"2020-12-31T07:56:13+00:00\",\"dateModified\":\"2020-12-31T16:14:47+00:00\",\"breadcrumb\":{\"@id\":\"https:\\\/\\\/laspalmassauces.com\\\/es_us\\\/product\\\/chili-beans\\\/#breadcrumb\"},\"inLanguage\":\"es-US\",\"potentialAction\":[{\"@type\":\"ReadAction\",\"target\":[\"https:\\\/\\\/laspalmassauces.com\\\/es_us\\\/product\\\/chili-beans\\\/\"]}]},{\"@type\":\"ImageObject\",\"inLanguage\":\"es-US\",\"@id\":\"https:\\\/\\\/laspalmassauces.com\\\/es_us\\\/product\\\/chili-beans\\\/#primaryimage\",\"url\":\"https:\\\/\\\/laspalmassauces.com\\\/wp-content\\\/uploads\\\/product-41501130568-2.png\",\"contentUrl\":\"https:\\\/\\\/laspalmassauces.com\\\/wp-content\\\/uploads\\\/product-41501130568-2.png\",\"width\":900,\"height\":900},{\"@type\":\"BreadcrumbList\",\"@id\":\"https:\\\/\\\/laspalmassauces.com\\\/es_us\\\/product\\\/chili-beans\\\/#breadcrumb\",\"itemListElement\":[{\"@type\":\"ListItem\",\"position\":1,\"name\":\"Home\",\"item\":\"https:\\\/\\\/laspalmassauces.com\\\/es_us\\\/\"},{\"@type\":\"ListItem\",\"position\":2,\"name\":\"Products\",\"item\":\"https:\\\/\\\/laspalmassauces.com\\\/shop\\\/\"},{\"@type\":\"ListItem\",\"position\":3,\"name\":\"Frijoles con Chile\"}]},{\"@type\":\"WebSite\",\"@id\":\"https:\\\/\\\/laspalmassauces.com\\\/#website\",\"url\":\"https:\\\/\\\/laspalmassauces.com\\\/\",\"name\":\"Las Palmas Sauces\",\"description\":\"Las Palmas authentic Mexican food products including enchilada and chili sauces, chiles, jalape\u00f1os, tomatillos, beans and more.\",\"publisher\":{\"@id\":\"https:\\\/\\\/laspalmassauces.com\\\/#organization\"},\"potentialAction\":[{\"@type\":\"SearchAction\",\"target\":{\"@type\":\"EntryPoint\",\"urlTemplate\":\"https:\\\/\\\/laspalmassauces.com\\\/?s={search_term_string}\"},\"query-input\":{\"@type\":\"PropertyValueSpecification\",\"valueRequired\":true,\"valueName\":\"search_term_string\"}}],\"inLanguage\":\"es-US\"},{\"@type\":\"Organization\",\"@id\":\"https:\\\/\\\/laspalmassauces.com\\\/#organization\",\"name\":\"Las Palmas Sauces\",\"url\":\"https:\\\/\\\/laspalmassauces.com\\\/\",\"logo\":{\"@type\":\"ImageObject\",\"inLanguage\":\"es-US\",\"@id\":\"https:\\\/\\\/laspalmassauces.com\\\/#\\\/schema\\\/logo\\\/image\\\/\",\"url\":\"https:\\\/\\\/laspalmassauces.com\\\/wp-content\\\/uploads\\\/default-og-image.jpg\",\"contentUrl\":\"https:\\\/\\\/laspalmassauces.com\\\/wp-content\\\/uploads\\\/default-og-image.jpg\",\"width\":1200,\"height\":630,\"caption\":\"Las Palmas Sauces\"},\"image\":{\"@id\":\"https:\\\/\\\/laspalmassauces.com\\\/#\\\/schema\\\/logo\\\/image\\\/\"}}]}<\/script>\n<!-- \/ Yoast SEO Premium plugin. -->","yoast_head_json":{"title":"Frijoles con Chile - Las Palmas Sauces","robots":{"index":"index","follow":"follow","max-snippet":"max-snippet:-1","max-image-preview":"max-image-preview:large","max-video-preview":"max-video-preview:-1"},"canonical":"https:\/\/laspalmassauces.com\/es_us\/product\/chili-beans\/","og_locale":"es_ES","og_type":"article","og_title":"Frijoles con Chile","og_description":"El secreto de la aut\u00e9ntica comida mexicana es utilizar solamente los ingredientes m\u00e1s aut\u00e9nticos y de calidad superior. Los Frijoles Vegetarianos con","og_url":"https:\/\/laspalmassauces.com\/es_us\/product\/chili-beans\/","og_site_name":"Las Palmas Sauces","article_modified_time":"2020-12-31T16:14:47+00:00","og_image":[{"width":900,"height":900,"url":"https:\/\/laspalmassauces.com\/wp-content\/uploads\/product-41501130568-2.png","type":"image\/png"}],"twitter_card":"summary_large_image","schema":{"@context":"https:\/\/schema.org","@graph":[{"@type":"WebPage","@id":"https:\/\/laspalmassauces.com\/es_us\/product\/chili-beans\/","url":"https:\/\/laspalmassauces.com\/es_us\/product\/chili-beans\/","name":"Frijoles con Chile - Las Palmas Sauces","isPartOf":{"@id":"https:\/\/laspalmassauces.com\/#website"},"primaryImageOfPage":{"@id":"https:\/\/laspalmassauces.com\/es_us\/product\/chili-beans\/#primaryimage"},"image":{"@id":"https:\/\/laspalmassauces.com\/es_us\/product\/chili-beans\/#primaryimage"},"thumbnailUrl":"https:\/\/laspalmassauces.com\/wp-content\/uploads\/product-41501130568-2.png","datePublished":"2020-12-31T07:56:13+00:00","dateModified":"2020-12-31T16:14:47+00:00","breadcrumb":{"@id":"https:\/\/laspalmassauces.com\/es_us\/product\/chili-beans\/#breadcrumb"},"inLanguage":"es-US","potentialAction":[{"@type":"ReadAction","target":["https:\/\/laspalmassauces.com\/es_us\/product\/chili-beans\/"]}]},{"@type":"ImageObject","inLanguage":"es-US","@id":"https:\/\/laspalmassauces.com\/es_us\/product\/chili-beans\/#primaryimage","url":"https:\/\/laspalmassauces.com\/wp-content\/uploads\/product-41501130568-2.png","contentUrl":"https:\/\/laspalmassauces.com\/wp-content\/uploads\/product-41501130568-2.png","width":900,"height":900},{"@type":"BreadcrumbList","@id":"https:\/\/laspalmassauces.com\/es_us\/product\/chili-beans\/#breadcrumb","itemListElement":[{"@type":"ListItem","position":1,"name":"Home","item":"https:\/\/laspalmassauces.com\/es_us\/"},{"@type":"ListItem","position":2,"name":"Products","item":"https:\/\/laspalmassauces.com\/shop\/"},{"@type":"ListItem","position":3,"name":"Frijoles con Chile"}]},{"@type":"WebSite","@id":"https:\/\/laspalmassauces.com\/#website","url":"https:\/\/laspalmassauces.com\/","name":"Las Palmas Sauces","description":"Las Palmas authentic Mexican food products including enchilada and chili sauces, chiles, jalape\u00f1os, tomatillos, beans and more.","publisher":{"@id":"https:\/\/laspalmassauces.com\/#organization"},"potentialAction":[{"@type":"SearchAction","target":{"@type":"EntryPoint","urlTemplate":"https:\/\/laspalmassauces.com\/?s={search_term_string}"},"query-input":{"@type":"PropertyValueSpecification","valueRequired":true,"valueName":"search_term_string"}}],"inLanguage":"es-US"},{"@type":"Organization","@id":"https:\/\/laspalmassauces.com\/#organization","name":"Las Palmas Sauces","url":"https:\/\/laspalmassauces.com\/","logo":{"@type":"ImageObject","inLanguage":"es-US","@id":"https:\/\/laspalmassauces.com\/#\/schema\/logo\/image\/","url":"https:\/\/laspalmassauces.com\/wp-content\/uploads\/default-og-image.jpg","contentUrl":"https:\/\/laspalmassauces.com\/wp-content\/uploads\/default-og-image.jpg","width":1200,"height":630,"caption":"Las Palmas Sauces"},"image":{"@id":"https:\/\/laspalmassauces.com\/#\/schema\/logo\/image\/"}}]}},"_links":{"self":[{"href":"https:\/\/laspalmassauces.com\/es_us\/wp-json\/wp\/v2\/product\/8670","targetHints":{"allow":["GET"]}}],"collection":[{"href":"https:\/\/laspalmassauces.com\/es_us\/wp-json\/wp\/v2\/product"}],"about":[{"href":"https:\/\/laspalmassauces.com\/es_us\/wp-json\/wp\/v2\/types\/product"}],"wp:featuredmedia":[{"embeddable":true,"href":"https:\/\/laspalmassauces.com\/es_us\/wp-json\/wp\/v2\/media\/8494"}],"wp:attachment":[{"href":"https:\/\/laspalmassauces.com\/es_us\/wp-json\/wp\/v2\/media?parent=8670"}],"wp:term":[{"taxonomy":"product_brand","embeddable":true,"href":"https:\/\/laspalmassauces.com\/es_us\/wp-json\/wp\/v2\/product_brand?post=8670"},{"taxonomy":"product_cat","embeddable":true,"href":"https:\/\/laspalmassauces.com\/es_us\/wp-json\/wp\/v2\/product_cat?post=8670"},{"taxonomy":"product_tag","embeddable":true,"href":"https:\/\/laspalmassauces.com\/es_us\/wp-json\/wp\/v2\/product_tag?post=8670"}],"curies":[{"name":"wp","href":"https:\/\/api.w.org\/{rel}","templated":true}]}}