{"id":8666,"date":"2020-12-31T07:56:39","date_gmt":"2020-12-31T08:03:50","guid":{"rendered":"http:\/\/laspalmasprd.wpengine.com\/?post_type=product&#038;p=8666"},"modified":"2021-12-21T23:31:13","modified_gmt":"2021-12-21T23:31:13","slug":"whole-jalapenos","status":"publish","type":"product","link":"https:\/\/laspalmassauces.com\/es_us\/product\/whole-jalapenos\/","title":{"rendered":"Jalape\u00f1os Enteros"},"content":{"rendered":"<p>Los chiles jalape\u00f1os son una variedad de chile proveniente de M\u00e9xico y el suroeste de los Estados Unidos. Estos chiles picantes de color verde oscuro deben su nombre a Xalapa, la capital del estado de Veracruz. Los jalape\u00f1os, que se suelen usar para cubrir los totopos fritos con queso derretido (nachos), tambi\u00e9n se usan como ingrediente en varias salsas. Los Jalape\u00f1os Rebanados\u00a0<em>Las Palmas<\/em>\u00a0tambi\u00e9n se pueden utilizar para dar un sabor picante a pizzas, hamburguesas y huevos.<\/p>\n<p>100 onzas<\/p>\n","protected":false},"excerpt":{"rendered":"<p>Los chiles jalape\u00f1os son una variedad de chile proveniente de M\u00e9xico y el suroeste de los Estados Unidos. Estos chiles picantes de color verde oscuro deben su nombre a Xalapa, la capital del estado de Veracruz. Los jalape\u00f1os, que se suelen usar para cubrir los totopos fritos con queso derretido (nachos), tambi\u00e9n se usan como [&hellip;]<\/p>\n","protected":false},"featured_media":8763,"template":"","meta":{"_acf_changed":false},"product_brand":[],"product_cat":[320],"product_tag":[],"class_list":{"0":"post-8666","1":"product","2":"type-product","3":"status-publish","4":"has-post-thumbnail","6":"product_cat-jalapenos","8":"first","9":"instock","10":"shipping-taxable","11":"product-type-variable"},"acf":[],"yoast_head":"<!-- This site is optimized with the Yoast SEO Premium plugin v27.4 (Yoast SEO v27.4) - https:\/\/yoast.com\/product\/yoast-seo-premium-wordpress\/ -->\n<title>Jalape\u00f1os Enteros - Las Palmas Sauces<\/title>\n<meta name=\"robots\" content=\"index, follow, max-snippet:-1, max-image-preview:large, max-video-preview:-1\" \/>\n<link rel=\"canonical\" href=\"https:\/\/laspalmassauces.com\/es_us\/product\/whole-jalapenos\/\" \/>\n<meta property=\"og:locale\" content=\"es_ES\" \/>\n<meta property=\"og:type\" content=\"article\" \/>\n<meta property=\"og:title\" content=\"Jalape\u00f1os Enteros\" \/>\n<meta property=\"og:description\" content=\"Los chiles jalape\u00f1os son una variedad de chile proveniente de M\u00e9xico y el suroeste de los Estados Unidos. Estos chiles picantes de color verde oscuro\" \/>\n<meta property=\"og:url\" content=\"https:\/\/laspalmassauces.com\/es_us\/product\/whole-jalapenos\/\" \/>\n<meta property=\"og:site_name\" content=\"Las Palmas Sauces\" \/>\n<meta property=\"article:modified_time\" content=\"2021-12-21T23:31:13+00:00\" \/>\n<meta property=\"og:image\" content=\"https:\/\/laspalmassauces.com\/wp-content\/uploads\/Whole-Jalapenos.png\" \/>\n\t<meta property=\"og:image:width\" content=\"900\" \/>\n\t<meta property=\"og:image:height\" content=\"900\" \/>\n\t<meta property=\"og:image:type\" content=\"image\/png\" \/>\n<meta name=\"twitter:card\" content=\"summary_large_image\" \/>\n<script type=\"application\/ld+json\" class=\"yoast-schema-graph\">{\"@context\":\"https:\\\/\\\/schema.org\",\"@graph\":[{\"@type\":\"WebPage\",\"@id\":\"https:\\\/\\\/laspalmassauces.com\\\/es_us\\\/product\\\/whole-jalapenos\\\/\",\"url\":\"https:\\\/\\\/laspalmassauces.com\\\/es_us\\\/product\\\/whole-jalapenos\\\/\",\"name\":\"Jalape\u00f1os Enteros - Las Palmas Sauces\",\"isPartOf\":{\"@id\":\"https:\\\/\\\/laspalmassauces.com\\\/#website\"},\"primaryImageOfPage\":{\"@id\":\"https:\\\/\\\/laspalmassauces.com\\\/es_us\\\/product\\\/whole-jalapenos\\\/#primaryimage\"},\"image\":{\"@id\":\"https:\\\/\\\/laspalmassauces.com\\\/es_us\\\/product\\\/whole-jalapenos\\\/#primaryimage\"},\"thumbnailUrl\":\"https:\\\/\\\/laspalmassauces.com\\\/wp-content\\\/uploads\\\/Whole-Jalapenos.png\",\"datePublished\":\"2020-12-31T08:03:50+00:00\",\"dateModified\":\"2021-12-21T23:31:13+00:00\",\"breadcrumb\":{\"@id\":\"https:\\\/\\\/laspalmassauces.com\\\/es_us\\\/product\\\/whole-jalapenos\\\/#breadcrumb\"},\"inLanguage\":\"es-US\",\"potentialAction\":[{\"@type\":\"ReadAction\",\"target\":[\"https:\\\/\\\/laspalmassauces.com\\\/es_us\\\/product\\\/whole-jalapenos\\\/\"]}]},{\"@type\":\"ImageObject\",\"inLanguage\":\"es-US\",\"@id\":\"https:\\\/\\\/laspalmassauces.com\\\/es_us\\\/product\\\/whole-jalapenos\\\/#primaryimage\",\"url\":\"https:\\\/\\\/laspalmassauces.com\\\/wp-content\\\/uploads\\\/Whole-Jalapenos.png\",\"contentUrl\":\"https:\\\/\\\/laspalmassauces.com\\\/wp-content\\\/uploads\\\/Whole-Jalapenos.png\",\"width\":900,\"height\":900},{\"@type\":\"BreadcrumbList\",\"@id\":\"https:\\\/\\\/laspalmassauces.com\\\/es_us\\\/product\\\/whole-jalapenos\\\/#breadcrumb\",\"itemListElement\":[{\"@type\":\"ListItem\",\"position\":1,\"name\":\"Home\",\"item\":\"https:\\\/\\\/laspalmassauces.com\\\/es_us\\\/\"},{\"@type\":\"ListItem\",\"position\":2,\"name\":\"Products\",\"item\":\"https:\\\/\\\/laspalmassauces.com\\\/shop\\\/\"},{\"@type\":\"ListItem\",\"position\":3,\"name\":\"Jalape\u00f1os Enteros\"}]},{\"@type\":\"WebSite\",\"@id\":\"https:\\\/\\\/laspalmassauces.com\\\/#website\",\"url\":\"https:\\\/\\\/laspalmassauces.com\\\/\",\"name\":\"Las Palmas Sauces\",\"description\":\"Las Palmas authentic Mexican food products including enchilada and chili sauces, chiles, jalape\u00f1os, tomatillos, beans and more.\",\"publisher\":{\"@id\":\"https:\\\/\\\/laspalmassauces.com\\\/#organization\"},\"potentialAction\":[{\"@type\":\"SearchAction\",\"target\":{\"@type\":\"EntryPoint\",\"urlTemplate\":\"https:\\\/\\\/laspalmassauces.com\\\/?s={search_term_string}\"},\"query-input\":{\"@type\":\"PropertyValueSpecification\",\"valueRequired\":true,\"valueName\":\"search_term_string\"}}],\"inLanguage\":\"es-US\"},{\"@type\":\"Organization\",\"@id\":\"https:\\\/\\\/laspalmassauces.com\\\/#organization\",\"name\":\"Las Palmas Sauces\",\"url\":\"https:\\\/\\\/laspalmassauces.com\\\/\",\"logo\":{\"@type\":\"ImageObject\",\"inLanguage\":\"es-US\",\"@id\":\"https:\\\/\\\/laspalmassauces.com\\\/#\\\/schema\\\/logo\\\/image\\\/\",\"url\":\"https:\\\/\\\/laspalmassauces.com\\\/wp-content\\\/uploads\\\/default-og-image.jpg\",\"contentUrl\":\"https:\\\/\\\/laspalmassauces.com\\\/wp-content\\\/uploads\\\/default-og-image.jpg\",\"width\":1200,\"height\":630,\"caption\":\"Las Palmas Sauces\"},\"image\":{\"@id\":\"https:\\\/\\\/laspalmassauces.com\\\/#\\\/schema\\\/logo\\\/image\\\/\"}}]}<\/script>\n<!-- \/ Yoast SEO Premium plugin. -->","yoast_head_json":{"title":"Jalape\u00f1os Enteros - Las Palmas Sauces","robots":{"index":"index","follow":"follow","max-snippet":"max-snippet:-1","max-image-preview":"max-image-preview:large","max-video-preview":"max-video-preview:-1"},"canonical":"https:\/\/laspalmassauces.com\/es_us\/product\/whole-jalapenos\/","og_locale":"es_ES","og_type":"article","og_title":"Jalape\u00f1os Enteros","og_description":"Los chiles jalape\u00f1os son una variedad de chile proveniente de M\u00e9xico y el suroeste de los Estados Unidos. Estos chiles picantes de color verde oscuro","og_url":"https:\/\/laspalmassauces.com\/es_us\/product\/whole-jalapenos\/","og_site_name":"Las Palmas Sauces","article_modified_time":"2021-12-21T23:31:13+00:00","og_image":[{"width":900,"height":900,"url":"https:\/\/laspalmassauces.com\/wp-content\/uploads\/Whole-Jalapenos.png","type":"image\/png"}],"twitter_card":"summary_large_image","schema":{"@context":"https:\/\/schema.org","@graph":[{"@type":"WebPage","@id":"https:\/\/laspalmassauces.com\/es_us\/product\/whole-jalapenos\/","url":"https:\/\/laspalmassauces.com\/es_us\/product\/whole-jalapenos\/","name":"Jalape\u00f1os Enteros - Las Palmas Sauces","isPartOf":{"@id":"https:\/\/laspalmassauces.com\/#website"},"primaryImageOfPage":{"@id":"https:\/\/laspalmassauces.com\/es_us\/product\/whole-jalapenos\/#primaryimage"},"image":{"@id":"https:\/\/laspalmassauces.com\/es_us\/product\/whole-jalapenos\/#primaryimage"},"thumbnailUrl":"https:\/\/laspalmassauces.com\/wp-content\/uploads\/Whole-Jalapenos.png","datePublished":"2020-12-31T08:03:50+00:00","dateModified":"2021-12-21T23:31:13+00:00","breadcrumb":{"@id":"https:\/\/laspalmassauces.com\/es_us\/product\/whole-jalapenos\/#breadcrumb"},"inLanguage":"es-US","potentialAction":[{"@type":"ReadAction","target":["https:\/\/laspalmassauces.com\/es_us\/product\/whole-jalapenos\/"]}]},{"@type":"ImageObject","inLanguage":"es-US","@id":"https:\/\/laspalmassauces.com\/es_us\/product\/whole-jalapenos\/#primaryimage","url":"https:\/\/laspalmassauces.com\/wp-content\/uploads\/Whole-Jalapenos.png","contentUrl":"https:\/\/laspalmassauces.com\/wp-content\/uploads\/Whole-Jalapenos.png","width":900,"height":900},{"@type":"BreadcrumbList","@id":"https:\/\/laspalmassauces.com\/es_us\/product\/whole-jalapenos\/#breadcrumb","itemListElement":[{"@type":"ListItem","position":1,"name":"Home","item":"https:\/\/laspalmassauces.com\/es_us\/"},{"@type":"ListItem","position":2,"name":"Products","item":"https:\/\/laspalmassauces.com\/shop\/"},{"@type":"ListItem","position":3,"name":"Jalape\u00f1os Enteros"}]},{"@type":"WebSite","@id":"https:\/\/laspalmassauces.com\/#website","url":"https:\/\/laspalmassauces.com\/","name":"Las Palmas Sauces","description":"Las Palmas authentic Mexican food products including enchilada and chili sauces, chiles, jalape\u00f1os, tomatillos, beans and more.","publisher":{"@id":"https:\/\/laspalmassauces.com\/#organization"},"potentialAction":[{"@type":"SearchAction","target":{"@type":"EntryPoint","urlTemplate":"https:\/\/laspalmassauces.com\/?s={search_term_string}"},"query-input":{"@type":"PropertyValueSpecification","valueRequired":true,"valueName":"search_term_string"}}],"inLanguage":"es-US"},{"@type":"Organization","@id":"https:\/\/laspalmassauces.com\/#organization","name":"Las Palmas Sauces","url":"https:\/\/laspalmassauces.com\/","logo":{"@type":"ImageObject","inLanguage":"es-US","@id":"https:\/\/laspalmassauces.com\/#\/schema\/logo\/image\/","url":"https:\/\/laspalmassauces.com\/wp-content\/uploads\/default-og-image.jpg","contentUrl":"https:\/\/laspalmassauces.com\/wp-content\/uploads\/default-og-image.jpg","width":1200,"height":630,"caption":"Las Palmas Sauces"},"image":{"@id":"https:\/\/laspalmassauces.com\/#\/schema\/logo\/image\/"}}]}},"_links":{"self":[{"href":"https:\/\/laspalmassauces.com\/es_us\/wp-json\/wp\/v2\/product\/8666","targetHints":{"allow":["GET"]}}],"collection":[{"href":"https:\/\/laspalmassauces.com\/es_us\/wp-json\/wp\/v2\/product"}],"about":[{"href":"https:\/\/laspalmassauces.com\/es_us\/wp-json\/wp\/v2\/types\/product"}],"wp:featuredmedia":[{"embeddable":true,"href":"https:\/\/laspalmassauces.com\/es_us\/wp-json\/wp\/v2\/media\/8763"}],"wp:attachment":[{"href":"https:\/\/laspalmassauces.com\/es_us\/wp-json\/wp\/v2\/media?parent=8666"}],"wp:term":[{"taxonomy":"product_brand","embeddable":true,"href":"https:\/\/laspalmassauces.com\/es_us\/wp-json\/wp\/v2\/product_brand?post=8666"},{"taxonomy":"product_cat","embeddable":true,"href":"https:\/\/laspalmassauces.com\/es_us\/wp-json\/wp\/v2\/product_cat?post=8666"},{"taxonomy":"product_tag","embeddable":true,"href":"https:\/\/laspalmassauces.com\/es_us\/wp-json\/wp\/v2\/product_tag?post=8666"}],"curies":[{"name":"wp","href":"https:\/\/api.w.org\/{rel}","templated":true}]}}