{"id":7897,"date":"2020-10-15T17:44:57","date_gmt":"2020-10-15T17:44:57","guid":{"rendered":"http:\/\/laspalmasprd.wpengine.com\/?page_id=7897"},"modified":"2022-04-20T20:38:23","modified_gmt":"2022-04-20T20:38:23","slug":"faq","status":"publish","type":"page","link":"https:\/\/laspalmassauces.com\/es_us\/faq\/","title":{"rendered":"Preguntas"},"content":{"rendered":"\t\t<div data-elementor-type=\"wp-page\" data-elementor-id=\"7897\" class=\"elementor elementor-7897 elementor-7853\" data-elementor-post-type=\"page\">\n\t\t\t\t\t\t<section class=\"elementor-section elementor-top-section elementor-element elementor-element-d8efc99 elementor-section-boxed elementor-section-height-default elementor-section-height-default\" data-id=\"d8efc99\" data-element_type=\"section\" data-e-type=\"section\">\n\t\t\t\t\t\t<div class=\"elementor-container elementor-column-gap-default\">\n\t\t\t\t\t<div class=\"elementor-column elementor-col-16 elementor-top-column elementor-element elementor-element-aa9ff63\" data-id=\"aa9ff63\" data-element_type=\"column\" data-e-type=\"column\">\n\t\t\t<div class=\"elementor-widget-wrap\">\n\t\t\t\t\t\t\t<\/div>\n\t\t<\/div>\n\t\t\t\t<div class=\"elementor-column elementor-col-66 elementor-top-column elementor-element elementor-element-45ee286\" data-id=\"45ee286\" data-element_type=\"column\" data-e-type=\"column\">\n\t\t\t<div class=\"elementor-widget-wrap elementor-element-populated\">\n\t\t\t\t\t\t<div class=\"elementor-element elementor-element-f24d3c3 elementor-widget elementor-widget-text-editor\" data-id=\"f24d3c3\" data-element_type=\"widget\" data-e-type=\"widget\" data-widget_type=\"text-editor.default\">\n\t\t\t\t<div class=\"elementor-widget-container\">\n\t\t\t\t\t\t\t\t\t<p>Queremos ayudarte a que tanto t\u00fa como tus seres queridos disfruten al m\u00e1ximo la experiencia aut\u00e9nticamente mexicana de\u00a0<em>Las Palmas<\/em>. En esta secci\u00f3n encontrar\u00e1s las respuestas a algunas de las preguntas que nos hacen con m\u00e1s frecuencia. \u00bfNo encuentras lo que quieres saber? \u00a1No dudes en preguntarnos!<\/p>\t\t\t\t\t\t\t\t<\/div>\n\t\t\t\t<\/div>\n\t\t\t\t<div class=\"elementor-element elementor-element-2c4a3d3 elementor-widget elementor-widget-toggle\" data-id=\"2c4a3d3\" data-element_type=\"widget\" data-e-type=\"widget\" data-widget_type=\"toggle.default\">\n\t\t\t\t<div class=\"elementor-widget-container\">\n\t\t\t\t\t\t\t<div class=\"elementor-toggle\">\n\t\t\t\t\t\t\t<div class=\"elementor-toggle-item\">\n\t\t\t\t\t<div id=\"elementor-tab-title-4641\" class=\"elementor-tab-title\" data-tab=\"1\" role=\"button\" aria-controls=\"elementor-tab-content-4641\" aria-expanded=\"false\">\n\t\t\t\t\t\t\t\t\t\t\t\t<span class=\"elementor-toggle-icon elementor-toggle-icon-left\" aria-hidden=\"true\">\n\t\t\t\t\t\t\t\t\t\t\t\t\t\t\t<span class=\"elementor-toggle-icon-closed\"><i class=\"fas fa-plus-circle\"><\/i><\/span>\n\t\t\t\t\t\t\t\t<span class=\"elementor-toggle-icon-opened\"><i class=\"elementor-toggle-icon-opened fas fa-minus-circle\"><\/i><\/span>\n\t\t\t\t\t\t\t\t\t\t\t\t\t<\/span>\n\t\t\t\t\t\t\t\t\t\t\t\t<a class=\"elementor-toggle-title\" tabindex=\"0\">\u00bfQu\u00e9 les da a los productos <em>Las Palmas<\/em> su aut\u00e9ntico sabor mexicano?<\/a>\n\t\t\t\t\t<\/div>\n\n\t\t\t\t\t<div id=\"elementor-tab-content-4641\" class=\"elementor-tab-content elementor-clearfix\" data-tab=\"1\" role=\"region\" aria-labelledby=\"elementor-tab-title-4641\"><p>\u00a1Excelente pregunta! Hay una gran cantidad de marcas en el supermercado que intentan imitar el sabor de la cocina mexicana. Pero s\u00f3lo aquellos que est\u00e1n informados aprecian y exigen lo aut\u00e9ntico. En las salsas\u00a0<em>Las Palmas<\/em>\u00a0se utilizan tomatillos y chiles verdaderos, as\u00ed como otros ingredientes y especias que han sido parte de la cocina mexicana por siglos. Y nuestras recetas proceden de aquellas que se transmitieron de generaci\u00f3n en generaci\u00f3n. Por esto, \u00a1tus platos son verdaderamente aut\u00e9nticos!<\/p><\/div>\n\t\t\t\t<\/div>\n\t\t\t\t\t\t\t<div class=\"elementor-toggle-item\">\n\t\t\t\t\t<div id=\"elementor-tab-title-4642\" class=\"elementor-tab-title\" data-tab=\"2\" role=\"button\" aria-controls=\"elementor-tab-content-4642\" aria-expanded=\"false\">\n\t\t\t\t\t\t\t\t\t\t\t\t<span class=\"elementor-toggle-icon elementor-toggle-icon-left\" aria-hidden=\"true\">\n\t\t\t\t\t\t\t\t\t\t\t\t\t\t\t<span class=\"elementor-toggle-icon-closed\"><i class=\"fas fa-plus-circle\"><\/i><\/span>\n\t\t\t\t\t\t\t\t<span class=\"elementor-toggle-icon-opened\"><i class=\"elementor-toggle-icon-opened fas fa-minus-circle\"><\/i><\/span>\n\t\t\t\t\t\t\t\t\t\t\t\t\t<\/span>\n\t\t\t\t\t\t\t\t\t\t\t\t<a class=\"elementor-toggle-title\" tabindex=\"0\">\u00bfCu\u00e1l es la diferencia entre \"chile\" y \"chile\"?<\/a>\n\t\t\t\t\t<\/div>\n\n\t\t\t\t\t<div id=\"elementor-tab-content-4642\" class=\"elementor-tab-content elementor-clearfix\" data-tab=\"2\" role=\"region\" aria-labelledby=\"elementor-tab-title-4642\"><p>Si bien ambos t\u00e9rminos son casi intercambiables, chile se refiere a los pimientos o chiles picantes, mientras que chili es el plato elaborado con carne molida, frijoles y chiles.<\/p><\/div>\n\t\t\t\t<\/div>\n\t\t\t\t\t\t\t<div class=\"elementor-toggle-item\">\n\t\t\t\t\t<div id=\"elementor-tab-title-4643\" class=\"elementor-tab-title\" data-tab=\"3\" role=\"button\" aria-controls=\"elementor-tab-content-4643\" aria-expanded=\"false\">\n\t\t\t\t\t\t\t\t\t\t\t\t<span class=\"elementor-toggle-icon elementor-toggle-icon-left\" aria-hidden=\"true\">\n\t\t\t\t\t\t\t\t\t\t\t\t\t\t\t<span class=\"elementor-toggle-icon-closed\"><i class=\"fas fa-plus-circle\"><\/i><\/span>\n\t\t\t\t\t\t\t\t<span class=\"elementor-toggle-icon-opened\"><i class=\"elementor-toggle-icon-opened fas fa-minus-circle\"><\/i><\/span>\n\t\t\t\t\t\t\t\t\t\t\t\t\t<\/span>\n\t\t\t\t\t\t\t\t\t\t\t\t<a class=\"elementor-toggle-title\" tabindex=\"0\">\u00bfPor cu\u00e1nto tiempo puedo guardar los productos <em>Las Palmas<\/em>?<\/a>\n\t\t\t\t\t<\/div>\n\n\t\t\t\t\t<div id=\"elementor-tab-content-4643\" class=\"elementor-tab-content elementor-clearfix\" data-tab=\"3\" role=\"region\" aria-labelledby=\"elementor-tab-title-4643\"><p>Creemos, desde luego, que deber\u00edas disfrutarlos de inmediato. Despu\u00e9s de todo, \u00bfpara qu\u00e9 esperar? Pero, si deseas guardarlos, te sugerimos que consultes la fecha de vencimiento (\u201cconsumir antes de\u201d) que aparece en las latas para preservar una frescura y calidad \u00f3ptimas. Aseg\u00farate de almacenarlos en un lugar seco, oscuro y fresco. Refrigerado cualquier abierto en un recipiente separado por 5 a 7 d\u00edas.<\/p><\/div>\n\t\t\t\t<\/div>\n\t\t\t\t\t\t\t<div class=\"elementor-toggle-item\">\n\t\t\t\t\t<div id=\"elementor-tab-title-4644\" class=\"elementor-tab-title\" data-tab=\"4\" role=\"button\" aria-controls=\"elementor-tab-content-4644\" aria-expanded=\"false\">\n\t\t\t\t\t\t\t\t\t\t\t\t<span class=\"elementor-toggle-icon elementor-toggle-icon-left\" aria-hidden=\"true\">\n\t\t\t\t\t\t\t\t\t\t\t\t\t\t\t<span class=\"elementor-toggle-icon-closed\"><i class=\"fas fa-plus-circle\"><\/i><\/span>\n\t\t\t\t\t\t\t\t<span class=\"elementor-toggle-icon-opened\"><i class=\"elementor-toggle-icon-opened fas fa-minus-circle\"><\/i><\/span>\n\t\t\t\t\t\t\t\t\t\t\t\t\t<\/span>\n\t\t\t\t\t\t\t\t\t\t\t\t<a class=\"elementor-toggle-title\" tabindex=\"0\">Where can I find <em>Las Palmas<\/em> products?<\/a>\n\t\t\t\t\t<\/div>\n\n\t\t\t\t\t<div id=\"elementor-tab-content-4644\" class=\"elementor-tab-content elementor-clearfix\" data-tab=\"4\" role=\"region\" aria-labelledby=\"elementor-tab-title-4644\"><p>Check your local grocery or\u00a0<a href=\"https:\/\/laspalmassauces.com\/es_us\/donde-comprar\/\" target=\"_blank\" rel=\"noreferrer noopener\">buy them online<\/a>.<\/p><\/div>\n\t\t\t\t<\/div>\n\t\t\t\t\t\t\t\t<\/div>\n\t\t\t\t\t\t<\/div>\n\t\t\t\t<\/div>\n\t\t\t\t\t<\/div>\n\t\t<\/div>\n\t\t\t\t<div class=\"elementor-column elementor-col-16 elementor-top-column elementor-element elementor-element-0bd74fa\" data-id=\"0bd74fa\" data-element_type=\"column\" data-e-type=\"column\">\n\t\t\t<div class=\"elementor-widget-wrap\">\n\t\t\t\t\t\t\t<\/div>\n\t\t<\/div>\n\t\t\t\t\t<\/div>\n\t\t<\/section>\n\t\t\t\t<\/div>\n\t\t","protected":false},"excerpt":{"rendered":"<p>Queremos ayudarte a que tanto t\u00fa como tus seres queridos disfruten al m\u00e1ximo la experiencia aut\u00e9nticamente mexicana de\u00a0Las Palmas. En esta secci\u00f3n encontrar\u00e1s las respuestas a algunas de las preguntas que nos hacen con m\u00e1s frecuencia. \u00bfNo encuentras lo que quieres saber? \u00a1No dudes en preguntarnos! \u00bfQu\u00e9 les da a los productos Las Palmas su [&hellip;]<\/p>\n","protected":false},"author":4,"featured_media":7978,"parent":0,"menu_order":0,"comment_status":"closed","ping_status":"closed","template":"","meta":{"_acf_changed":false,"footnotes":""},"class_list":["post-7897","page","type-page","status-publish","has-post-thumbnail","hentry"],"acf":[],"yoast_head":"<!-- This site is optimized with the Yoast SEO Premium plugin v27.4 (Yoast SEO v27.4) - https:\/\/yoast.com\/product\/yoast-seo-premium-wordpress\/ -->\n<title>Preguntas - Las Palmas Sauces<\/title>\n<meta name=\"robots\" content=\"index, follow, max-snippet:-1, max-image-preview:large, max-video-preview:-1\" \/>\n<link rel=\"canonical\" href=\"https:\/\/laspalmassauces.com\/es_us\/faq\/\" \/>\n<meta property=\"og:locale\" content=\"es_ES\" \/>\n<meta property=\"og:type\" content=\"article\" \/>\n<meta property=\"og:title\" content=\"Preguntas\" \/>\n<meta property=\"og:description\" content=\"Queremos ayudarte a que tanto t\u00fa como tus seres queridos disfruten al m\u00e1ximo la experiencia aut\u00e9nticamente mexicana de\u00a0Las Palmas. En esta secci\u00f3n\" \/>\n<meta property=\"og:url\" content=\"https:\/\/laspalmassauces.com\/es_us\/faq\/\" \/>\n<meta property=\"og:site_name\" content=\"Las Palmas Sauces\" \/>\n<meta property=\"article:modified_time\" content=\"2022-04-20T20:38:23+00:00\" \/>\n<meta property=\"og:image\" content=\"https:\/\/laspalmassauces.com\/wp-content\/uploads\/header_green_desktop-scaled.jpg\" \/>\n\t<meta property=\"og:image:width\" content=\"2560\" \/>\n\t<meta property=\"og:image:height\" content=\"444\" \/>\n\t<meta property=\"og:image:type\" content=\"image\/jpeg\" \/>\n<meta name=\"twitter:card\" content=\"summary_large_image\" \/>\n<meta name=\"twitter:label1\" content=\"Est. reading time\" \/>\n\t<meta name=\"twitter:data1\" content=\"2 minutes\" \/>\n<script type=\"application\/ld+json\" class=\"yoast-schema-graph\">{\"@context\":\"https:\\\/\\\/schema.org\",\"@graph\":[{\"@type\":\"WebPage\",\"@id\":\"https:\\\/\\\/laspalmassauces.com\\\/es_us\\\/faq\\\/\",\"url\":\"https:\\\/\\\/laspalmassauces.com\\\/es_us\\\/faq\\\/\",\"name\":\"Preguntas - Las Palmas Sauces\",\"isPartOf\":{\"@id\":\"https:\\\/\\\/laspalmassauces.com\\\/#website\"},\"primaryImageOfPage\":{\"@id\":\"https:\\\/\\\/laspalmassauces.com\\\/es_us\\\/faq\\\/#primaryimage\"},\"image\":{\"@id\":\"https:\\\/\\\/laspalmassauces.com\\\/es_us\\\/faq\\\/#primaryimage\"},\"thumbnailUrl\":\"https:\\\/\\\/laspalmassauces.com\\\/wp-content\\\/uploads\\\/header_green_desktop-scaled.jpg\",\"datePublished\":\"2020-10-15T17:44:57+00:00\",\"dateModified\":\"2022-04-20T20:38:23+00:00\",\"breadcrumb\":{\"@id\":\"https:\\\/\\\/laspalmassauces.com\\\/es_us\\\/faq\\\/#breadcrumb\"},\"inLanguage\":\"es-US\",\"potentialAction\":[{\"@type\":\"ReadAction\",\"target\":[\"https:\\\/\\\/laspalmassauces.com\\\/es_us\\\/faq\\\/\"]}]},{\"@type\":\"ImageObject\",\"inLanguage\":\"es-US\",\"@id\":\"https:\\\/\\\/laspalmassauces.com\\\/es_us\\\/faq\\\/#primaryimage\",\"url\":\"https:\\\/\\\/laspalmassauces.com\\\/wp-content\\\/uploads\\\/header_green_desktop-scaled.jpg\",\"contentUrl\":\"https:\\\/\\\/laspalmassauces.com\\\/wp-content\\\/uploads\\\/header_green_desktop-scaled.jpg\",\"width\":2560,\"height\":444},{\"@type\":\"BreadcrumbList\",\"@id\":\"https:\\\/\\\/laspalmassauces.com\\\/es_us\\\/faq\\\/#breadcrumb\",\"itemListElement\":[{\"@type\":\"ListItem\",\"position\":1,\"name\":\"Home\",\"item\":\"https:\\\/\\\/laspalmassauces.com\\\/es_us\\\/\"},{\"@type\":\"ListItem\",\"position\":2,\"name\":\"Preguntas\"}]},{\"@type\":\"WebSite\",\"@id\":\"https:\\\/\\\/laspalmassauces.com\\\/#website\",\"url\":\"https:\\\/\\\/laspalmassauces.com\\\/\",\"name\":\"Las Palmas Sauces\",\"description\":\"Las Palmas authentic Mexican food products including enchilada and chili sauces, chiles, jalape\u00f1os, tomatillos, beans and more.\",\"publisher\":{\"@id\":\"https:\\\/\\\/laspalmassauces.com\\\/#organization\"},\"potentialAction\":[{\"@type\":\"SearchAction\",\"target\":{\"@type\":\"EntryPoint\",\"urlTemplate\":\"https:\\\/\\\/laspalmassauces.com\\\/?s={search_term_string}\"},\"query-input\":{\"@type\":\"PropertyValueSpecification\",\"valueRequired\":true,\"valueName\":\"search_term_string\"}}],\"inLanguage\":\"es-US\"},{\"@type\":\"Organization\",\"@id\":\"https:\\\/\\\/laspalmassauces.com\\\/#organization\",\"name\":\"Las Palmas Sauces\",\"url\":\"https:\\\/\\\/laspalmassauces.com\\\/\",\"logo\":{\"@type\":\"ImageObject\",\"inLanguage\":\"es-US\",\"@id\":\"https:\\\/\\\/laspalmassauces.com\\\/#\\\/schema\\\/logo\\\/image\\\/\",\"url\":\"https:\\\/\\\/laspalmassauces.com\\\/wp-content\\\/uploads\\\/default-og-image.jpg\",\"contentUrl\":\"https:\\\/\\\/laspalmassauces.com\\\/wp-content\\\/uploads\\\/default-og-image.jpg\",\"width\":1200,\"height\":630,\"caption\":\"Las Palmas Sauces\"},\"image\":{\"@id\":\"https:\\\/\\\/laspalmassauces.com\\\/#\\\/schema\\\/logo\\\/image\\\/\"}}]}<\/script>\n<!-- \/ Yoast SEO Premium plugin. -->","yoast_head_json":{"title":"Preguntas - Las Palmas Sauces","robots":{"index":"index","follow":"follow","max-snippet":"max-snippet:-1","max-image-preview":"max-image-preview:large","max-video-preview":"max-video-preview:-1"},"canonical":"https:\/\/laspalmassauces.com\/es_us\/faq\/","og_locale":"es_ES","og_type":"article","og_title":"Preguntas","og_description":"Queremos ayudarte a que tanto t\u00fa como tus seres queridos disfruten al m\u00e1ximo la experiencia aut\u00e9nticamente mexicana de\u00a0Las Palmas. En esta secci\u00f3n","og_url":"https:\/\/laspalmassauces.com\/es_us\/faq\/","og_site_name":"Las Palmas Sauces","article_modified_time":"2022-04-20T20:38:23+00:00","og_image":[{"width":2560,"height":444,"url":"https:\/\/laspalmassauces.com\/wp-content\/uploads\/header_green_desktop-scaled.jpg","type":"image\/jpeg"}],"twitter_card":"summary_large_image","twitter_misc":{"Est. reading time":"2 minutes"},"schema":{"@context":"https:\/\/schema.org","@graph":[{"@type":"WebPage","@id":"https:\/\/laspalmassauces.com\/es_us\/faq\/","url":"https:\/\/laspalmassauces.com\/es_us\/faq\/","name":"Preguntas - Las Palmas Sauces","isPartOf":{"@id":"https:\/\/laspalmassauces.com\/#website"},"primaryImageOfPage":{"@id":"https:\/\/laspalmassauces.com\/es_us\/faq\/#primaryimage"},"image":{"@id":"https:\/\/laspalmassauces.com\/es_us\/faq\/#primaryimage"},"thumbnailUrl":"https:\/\/laspalmassauces.com\/wp-content\/uploads\/header_green_desktop-scaled.jpg","datePublished":"2020-10-15T17:44:57+00:00","dateModified":"2022-04-20T20:38:23+00:00","breadcrumb":{"@id":"https:\/\/laspalmassauces.com\/es_us\/faq\/#breadcrumb"},"inLanguage":"es-US","potentialAction":[{"@type":"ReadAction","target":["https:\/\/laspalmassauces.com\/es_us\/faq\/"]}]},{"@type":"ImageObject","inLanguage":"es-US","@id":"https:\/\/laspalmassauces.com\/es_us\/faq\/#primaryimage","url":"https:\/\/laspalmassauces.com\/wp-content\/uploads\/header_green_desktop-scaled.jpg","contentUrl":"https:\/\/laspalmassauces.com\/wp-content\/uploads\/header_green_desktop-scaled.jpg","width":2560,"height":444},{"@type":"BreadcrumbList","@id":"https:\/\/laspalmassauces.com\/es_us\/faq\/#breadcrumb","itemListElement":[{"@type":"ListItem","position":1,"name":"Home","item":"https:\/\/laspalmassauces.com\/es_us\/"},{"@type":"ListItem","position":2,"name":"Preguntas"}]},{"@type":"WebSite","@id":"https:\/\/laspalmassauces.com\/#website","url":"https:\/\/laspalmassauces.com\/","name":"Las Palmas Sauces","description":"Las Palmas authentic Mexican food products including enchilada and chili sauces, chiles, jalape\u00f1os, tomatillos, beans and more.","publisher":{"@id":"https:\/\/laspalmassauces.com\/#organization"},"potentialAction":[{"@type":"SearchAction","target":{"@type":"EntryPoint","urlTemplate":"https:\/\/laspalmassauces.com\/?s={search_term_string}"},"query-input":{"@type":"PropertyValueSpecification","valueRequired":true,"valueName":"search_term_string"}}],"inLanguage":"es-US"},{"@type":"Organization","@id":"https:\/\/laspalmassauces.com\/#organization","name":"Las Palmas Sauces","url":"https:\/\/laspalmassauces.com\/","logo":{"@type":"ImageObject","inLanguage":"es-US","@id":"https:\/\/laspalmassauces.com\/#\/schema\/logo\/image\/","url":"https:\/\/laspalmassauces.com\/wp-content\/uploads\/default-og-image.jpg","contentUrl":"https:\/\/laspalmassauces.com\/wp-content\/uploads\/default-og-image.jpg","width":1200,"height":630,"caption":"Las Palmas Sauces"},"image":{"@id":"https:\/\/laspalmassauces.com\/#\/schema\/logo\/image\/"}}]}},"_links":{"self":[{"href":"https:\/\/laspalmassauces.com\/es_us\/wp-json\/wp\/v2\/pages\/7897","targetHints":{"allow":["GET"]}}],"collection":[{"href":"https:\/\/laspalmassauces.com\/es_us\/wp-json\/wp\/v2\/pages"}],"about":[{"href":"https:\/\/laspalmassauces.com\/es_us\/wp-json\/wp\/v2\/types\/page"}],"author":[{"embeddable":true,"href":"https:\/\/laspalmassauces.com\/es_us\/wp-json\/wp\/v2\/users\/4"}],"replies":[{"embeddable":true,"href":"https:\/\/laspalmassauces.com\/es_us\/wp-json\/wp\/v2\/comments?post=7897"}],"version-history":[{"count":0,"href":"https:\/\/laspalmassauces.com\/es_us\/wp-json\/wp\/v2\/pages\/7897\/revisions"}],"wp:featuredmedia":[{"embeddable":true,"href":"https:\/\/laspalmassauces.com\/es_us\/wp-json\/wp\/v2\/media\/7978"}],"wp:attachment":[{"href":"https:\/\/laspalmassauces.com\/es_us\/wp-json\/wp\/v2\/media?parent=7897"}],"curies":[{"name":"wp","href":"https:\/\/api.w.org\/{rel}","templated":true}]}}