{"id":7892,"date":"2020-10-15T17:25:58","date_gmt":"2020-10-15T17:25:58","guid":{"rendered":"http:\/\/laspalmasprd.wpengine.com\/?page_id=7892"},"modified":"2020-10-20T15:05:16","modified_gmt":"2020-10-20T15:05:16","slug":"about","status":"publish","type":"page","link":"https:\/\/laspalmassauces.com\/es_us\/about\/","title":{"rendered":"Sobre <em>Las Palmas<\/em>"},"content":{"rendered":"\t\t<div data-elementor-type=\"wp-page\" data-elementor-id=\"7892\" class=\"elementor elementor-7892 elementor-7851\" data-elementor-post-type=\"page\">\n\t\t\t\t\t\t<section class=\"elementor-section elementor-top-section elementor-element elementor-element-4edf4f9b elementor-section-boxed elementor-section-height-default elementor-section-height-default\" data-id=\"4edf4f9b\" data-element_type=\"section\" data-e-type=\"section\">\n\t\t\t\t\t\t<div class=\"elementor-container elementor-column-gap-default\">\n\t\t\t\t\t<div class=\"elementor-column elementor-col-16 elementor-top-column elementor-element elementor-element-40de3d96\" data-id=\"40de3d96\" data-element_type=\"column\" data-e-type=\"column\">\n\t\t\t<div class=\"elementor-widget-wrap\">\n\t\t\t\t\t\t\t<\/div>\n\t\t<\/div>\n\t\t\t\t<div class=\"elementor-column elementor-col-66 elementor-top-column elementor-element elementor-element-20efa270\" data-id=\"20efa270\" data-element_type=\"column\" data-e-type=\"column\">\n\t\t\t<div class=\"elementor-widget-wrap elementor-element-populated\">\n\t\t\t\t\t\t<div class=\"elementor-element elementor-element-9dcfb87 elementor-widget elementor-widget-heading\" data-id=\"9dcfb87\" data-element_type=\"widget\" data-e-type=\"widget\" data-widget_type=\"heading.default\">\n\t\t\t\t<div class=\"elementor-widget-container\">\n\t\t\t\t\t<h2 class=\"elementor-heading-title elementor-size-default\">Las aut\u00e9nticas comidas mexicanas nacen aqu\u00ed.<\/h2>\t\t\t\t<\/div>\n\t\t\t\t<\/div>\n\t\t\t\t<div class=\"elementor-element elementor-element-5aea7de elementor-widget elementor-widget-text-editor\" data-id=\"5aea7de\" data-element_type=\"widget\" data-e-type=\"widget\" data-widget_type=\"text-editor.default\">\n\t\t\t\t<div class=\"elementor-widget-container\">\n\t\t\t\t\t\t\t\t\t<p>Las comidas que creas con los alimentos y las aut\u00e9nticas salsas mexicanas\u00a0<em>Las Palmas<\/em>\u00a0te permiten gozar de una experiencia mexicana verdaderamente aut\u00e9ntica y experimentar momentos familiares aut\u00e9nticos.<\/p>\t\t\t\t\t\t\t\t<\/div>\n\t\t\t\t<\/div>\n\t\t\t\t<div class=\"elementor-element elementor-element-1333f96 elementor-widget elementor-widget-text-editor\" data-id=\"1333f96\" data-element_type=\"widget\" data-e-type=\"widget\" data-widget_type=\"text-editor.default\">\n\t\t\t\t<div class=\"elementor-widget-container\">\n\t\t\t\t\t\t\t\t\t<p><img fetchpriority=\"high\" decoding=\"async\" class=\"alignright wp-image-7966\" src=\"https:\/\/laspalmassauces.com\/wp-content\/uploads\/laspalmas-product_collage-300x211.png\" alt=\"\" width=\"400\" height=\"281\" srcset=\"https:\/\/laspalmassauces.com\/wp-content\/uploads\/laspalmas-product_collage-300x211.png 300w, https:\/\/laspalmassauces.com\/wp-content\/uploads\/laspalmas-product_collage-600x422.png 600w, https:\/\/laspalmassauces.com\/wp-content\/uploads\/laspalmas-product_collage.png 640w\" sizes=\"(max-width: 400px) 100vw, 400px\" \/>Hay una gran cantidad de marcas de supermercado que intentan imitar el sabor de la cocina mexicana.\u00a0<em>Las Palmas<\/em>\u00a0te ofrece la posibilidad real de agregar un sabor mexicano verdadero y casero a todas tus comidas desde hace m\u00e1s de 75 a\u00f1os.<\/p><p>S\u00f3lo empleamos los mejores ingredientes, como chiles de calidad, tomatillos verdaderos y otros ingredientes y especias que han sido parte de la cocina mexicana por siglos. Nuestras recetas proceden de aquellas que se transmitieron de generaci\u00f3n en generaci\u00f3n. Desde nuestras reconocidas salsas de chili y para enchiladas hasta nuestros chiles, frijoles y otros productos, puedes estar seguro que cuando cocines con\u00a0<em>Las Palmas<\/em>, cocinar\u00e1s aut\u00e9nticos platos mexicanos.<\/p>\t\t\t\t\t\t\t\t<\/div>\n\t\t\t\t<\/div>\n\t\t\t\t\t<\/div>\n\t\t<\/div>\n\t\t\t\t<div class=\"elementor-column elementor-col-16 elementor-top-column elementor-element elementor-element-1cf76dce\" data-id=\"1cf76dce\" data-element_type=\"column\" data-e-type=\"column\">\n\t\t\t<div class=\"elementor-widget-wrap\">\n\t\t\t\t\t\t\t<\/div>\n\t\t<\/div>\n\t\t\t\t\t<\/div>\n\t\t<\/section>\n\t\t\t\t<\/div>\n\t\t","protected":false},"excerpt":{"rendered":"<p>Las aut\u00e9nticas comidas mexicanas nacen aqu\u00ed. Las comidas que creas con los alimentos y las aut\u00e9nticas salsas mexicanas\u00a0Las Palmas\u00a0te permiten gozar de una experiencia mexicana verdaderamente aut\u00e9ntica y experimentar momentos familiares aut\u00e9nticos. Hay una gran cantidad de marcas de supermercado que intentan imitar el sabor de la cocina mexicana.\u00a0Las Palmas\u00a0te ofrece la posibilidad real de [&hellip;]<\/p>\n","protected":false},"author":4,"featured_media":7970,"parent":0,"menu_order":0,"comment_status":"closed","ping_status":"closed","template":"","meta":{"_acf_changed":false,"footnotes":""},"class_list":["post-7892","page","type-page","status-publish","has-post-thumbnail","hentry"],"acf":[],"yoast_head":"<!-- This site is optimized with the Yoast SEO Premium plugin v27.4 (Yoast SEO v27.4) - https:\/\/yoast.com\/product\/yoast-seo-premium-wordpress\/ -->\n<title>Sobre Las Palmas - Las Palmas Sauces<\/title>\n<meta name=\"robots\" content=\"index, follow, max-snippet:-1, max-image-preview:large, max-video-preview:-1\" \/>\n<link rel=\"canonical\" href=\"https:\/\/laspalmassauces.com\/es_us\/about\/\" \/>\n<meta property=\"og:locale\" content=\"es_ES\" \/>\n<meta property=\"og:type\" content=\"article\" \/>\n<meta property=\"og:title\" content=\"Sobre Las Palmas\" \/>\n<meta property=\"og:description\" content=\"Las aut\u00e9nticas comidas mexicanas nacen aqu\u00ed. Las comidas que creas con los alimentos y las aut\u00e9nticas salsas mexicanas\u00a0Las Palmas\u00a0te permiten gozar de una\" \/>\n<meta property=\"og:url\" content=\"https:\/\/laspalmassauces.com\/es_us\/about\/\" \/>\n<meta property=\"og:site_name\" content=\"Las Palmas Sauces\" \/>\n<meta property=\"article:modified_time\" content=\"2020-10-20T15:05:16+00:00\" \/>\n<meta property=\"og:image\" content=\"https:\/\/laspalmassauces.com\/wp-content\/uploads\/header_blue_desktop-scaled.jpg\" \/>\n\t<meta property=\"og:image:width\" content=\"2560\" \/>\n\t<meta property=\"og:image:height\" content=\"444\" \/>\n\t<meta property=\"og:image:type\" content=\"image\/jpeg\" \/>\n<meta name=\"twitter:card\" content=\"summary_large_image\" \/>\n<meta name=\"twitter:label1\" content=\"Est. reading time\" \/>\n\t<meta name=\"twitter:data1\" content=\"1 minute\" \/>\n<script type=\"application\/ld+json\" class=\"yoast-schema-graph\">{\"@context\":\"https:\\\/\\\/schema.org\",\"@graph\":[{\"@type\":\"WebPage\",\"@id\":\"https:\\\/\\\/laspalmassauces.com\\\/es_us\\\/about\\\/\",\"url\":\"https:\\\/\\\/laspalmassauces.com\\\/es_us\\\/about\\\/\",\"name\":\"Sobre Las Palmas - Las Palmas Sauces\",\"isPartOf\":{\"@id\":\"https:\\\/\\\/laspalmassauces.com\\\/#website\"},\"primaryImageOfPage\":{\"@id\":\"https:\\\/\\\/laspalmassauces.com\\\/es_us\\\/about\\\/#primaryimage\"},\"image\":{\"@id\":\"https:\\\/\\\/laspalmassauces.com\\\/es_us\\\/about\\\/#primaryimage\"},\"thumbnailUrl\":\"https:\\\/\\\/laspalmassauces.com\\\/wp-content\\\/uploads\\\/header_blue_desktop-scaled.jpg\",\"datePublished\":\"2020-10-15T17:25:58+00:00\",\"dateModified\":\"2020-10-20T15:05:16+00:00\",\"breadcrumb\":{\"@id\":\"https:\\\/\\\/laspalmassauces.com\\\/es_us\\\/about\\\/#breadcrumb\"},\"inLanguage\":\"es-US\",\"potentialAction\":[{\"@type\":\"ReadAction\",\"target\":[\"https:\\\/\\\/laspalmassauces.com\\\/es_us\\\/about\\\/\"]}]},{\"@type\":\"ImageObject\",\"inLanguage\":\"es-US\",\"@id\":\"https:\\\/\\\/laspalmassauces.com\\\/es_us\\\/about\\\/#primaryimage\",\"url\":\"https:\\\/\\\/laspalmassauces.com\\\/wp-content\\\/uploads\\\/header_blue_desktop-scaled.jpg\",\"contentUrl\":\"https:\\\/\\\/laspalmassauces.com\\\/wp-content\\\/uploads\\\/header_blue_desktop-scaled.jpg\",\"width\":2560,\"height\":444},{\"@type\":\"BreadcrumbList\",\"@id\":\"https:\\\/\\\/laspalmassauces.com\\\/es_us\\\/about\\\/#breadcrumb\",\"itemListElement\":[{\"@type\":\"ListItem\",\"position\":1,\"name\":\"Home\",\"item\":\"https:\\\/\\\/laspalmassauces.com\\\/es_us\\\/\"},{\"@type\":\"ListItem\",\"position\":2,\"name\":\"Sobre Las Palmas\"}]},{\"@type\":\"WebSite\",\"@id\":\"https:\\\/\\\/laspalmassauces.com\\\/#website\",\"url\":\"https:\\\/\\\/laspalmassauces.com\\\/\",\"name\":\"Las Palmas Sauces\",\"description\":\"Las Palmas authentic Mexican food products including enchilada and chili sauces, chiles, jalape\u00f1os, tomatillos, beans and more.\",\"publisher\":{\"@id\":\"https:\\\/\\\/laspalmassauces.com\\\/#organization\"},\"potentialAction\":[{\"@type\":\"SearchAction\",\"target\":{\"@type\":\"EntryPoint\",\"urlTemplate\":\"https:\\\/\\\/laspalmassauces.com\\\/?s={search_term_string}\"},\"query-input\":{\"@type\":\"PropertyValueSpecification\",\"valueRequired\":true,\"valueName\":\"search_term_string\"}}],\"inLanguage\":\"es-US\"},{\"@type\":\"Organization\",\"@id\":\"https:\\\/\\\/laspalmassauces.com\\\/#organization\",\"name\":\"Las Palmas Sauces\",\"url\":\"https:\\\/\\\/laspalmassauces.com\\\/\",\"logo\":{\"@type\":\"ImageObject\",\"inLanguage\":\"es-US\",\"@id\":\"https:\\\/\\\/laspalmassauces.com\\\/#\\\/schema\\\/logo\\\/image\\\/\",\"url\":\"https:\\\/\\\/laspalmassauces.com\\\/wp-content\\\/uploads\\\/default-og-image.jpg\",\"contentUrl\":\"https:\\\/\\\/laspalmassauces.com\\\/wp-content\\\/uploads\\\/default-og-image.jpg\",\"width\":1200,\"height\":630,\"caption\":\"Las Palmas Sauces\"},\"image\":{\"@id\":\"https:\\\/\\\/laspalmassauces.com\\\/#\\\/schema\\\/logo\\\/image\\\/\"}}]}<\/script>\n<!-- \/ Yoast SEO Premium plugin. -->","yoast_head_json":{"title":"Sobre Las Palmas - Las Palmas Sauces","robots":{"index":"index","follow":"follow","max-snippet":"max-snippet:-1","max-image-preview":"max-image-preview:large","max-video-preview":"max-video-preview:-1"},"canonical":"https:\/\/laspalmassauces.com\/es_us\/about\/","og_locale":"es_ES","og_type":"article","og_title":"Sobre Las Palmas","og_description":"Las aut\u00e9nticas comidas mexicanas nacen aqu\u00ed. Las comidas que creas con los alimentos y las aut\u00e9nticas salsas mexicanas\u00a0Las Palmas\u00a0te permiten gozar de una","og_url":"https:\/\/laspalmassauces.com\/es_us\/about\/","og_site_name":"Las Palmas Sauces","article_modified_time":"2020-10-20T15:05:16+00:00","og_image":[{"width":2560,"height":444,"url":"https:\/\/laspalmassauces.com\/wp-content\/uploads\/header_blue_desktop-scaled.jpg","type":"image\/jpeg"}],"twitter_card":"summary_large_image","twitter_misc":{"Est. reading time":"1 minute"},"schema":{"@context":"https:\/\/schema.org","@graph":[{"@type":"WebPage","@id":"https:\/\/laspalmassauces.com\/es_us\/about\/","url":"https:\/\/laspalmassauces.com\/es_us\/about\/","name":"Sobre Las Palmas - Las Palmas Sauces","isPartOf":{"@id":"https:\/\/laspalmassauces.com\/#website"},"primaryImageOfPage":{"@id":"https:\/\/laspalmassauces.com\/es_us\/about\/#primaryimage"},"image":{"@id":"https:\/\/laspalmassauces.com\/es_us\/about\/#primaryimage"},"thumbnailUrl":"https:\/\/laspalmassauces.com\/wp-content\/uploads\/header_blue_desktop-scaled.jpg","datePublished":"2020-10-15T17:25:58+00:00","dateModified":"2020-10-20T15:05:16+00:00","breadcrumb":{"@id":"https:\/\/laspalmassauces.com\/es_us\/about\/#breadcrumb"},"inLanguage":"es-US","potentialAction":[{"@type":"ReadAction","target":["https:\/\/laspalmassauces.com\/es_us\/about\/"]}]},{"@type":"ImageObject","inLanguage":"es-US","@id":"https:\/\/laspalmassauces.com\/es_us\/about\/#primaryimage","url":"https:\/\/laspalmassauces.com\/wp-content\/uploads\/header_blue_desktop-scaled.jpg","contentUrl":"https:\/\/laspalmassauces.com\/wp-content\/uploads\/header_blue_desktop-scaled.jpg","width":2560,"height":444},{"@type":"BreadcrumbList","@id":"https:\/\/laspalmassauces.com\/es_us\/about\/#breadcrumb","itemListElement":[{"@type":"ListItem","position":1,"name":"Home","item":"https:\/\/laspalmassauces.com\/es_us\/"},{"@type":"ListItem","position":2,"name":"Sobre Las Palmas"}]},{"@type":"WebSite","@id":"https:\/\/laspalmassauces.com\/#website","url":"https:\/\/laspalmassauces.com\/","name":"Las Palmas Sauces","description":"Las Palmas authentic Mexican food products including enchilada and chili sauces, chiles, jalape\u00f1os, tomatillos, beans and more.","publisher":{"@id":"https:\/\/laspalmassauces.com\/#organization"},"potentialAction":[{"@type":"SearchAction","target":{"@type":"EntryPoint","urlTemplate":"https:\/\/laspalmassauces.com\/?s={search_term_string}"},"query-input":{"@type":"PropertyValueSpecification","valueRequired":true,"valueName":"search_term_string"}}],"inLanguage":"es-US"},{"@type":"Organization","@id":"https:\/\/laspalmassauces.com\/#organization","name":"Las Palmas Sauces","url":"https:\/\/laspalmassauces.com\/","logo":{"@type":"ImageObject","inLanguage":"es-US","@id":"https:\/\/laspalmassauces.com\/#\/schema\/logo\/image\/","url":"https:\/\/laspalmassauces.com\/wp-content\/uploads\/default-og-image.jpg","contentUrl":"https:\/\/laspalmassauces.com\/wp-content\/uploads\/default-og-image.jpg","width":1200,"height":630,"caption":"Las Palmas Sauces"},"image":{"@id":"https:\/\/laspalmassauces.com\/#\/schema\/logo\/image\/"}}]}},"_links":{"self":[{"href":"https:\/\/laspalmassauces.com\/es_us\/wp-json\/wp\/v2\/pages\/7892","targetHints":{"allow":["GET"]}}],"collection":[{"href":"https:\/\/laspalmassauces.com\/es_us\/wp-json\/wp\/v2\/pages"}],"about":[{"href":"https:\/\/laspalmassauces.com\/es_us\/wp-json\/wp\/v2\/types\/page"}],"author":[{"embeddable":true,"href":"https:\/\/laspalmassauces.com\/es_us\/wp-json\/wp\/v2\/users\/4"}],"replies":[{"embeddable":true,"href":"https:\/\/laspalmassauces.com\/es_us\/wp-json\/wp\/v2\/comments?post=7892"}],"version-history":[{"count":0,"href":"https:\/\/laspalmassauces.com\/es_us\/wp-json\/wp\/v2\/pages\/7892\/revisions"}],"wp:featuredmedia":[{"embeddable":true,"href":"https:\/\/laspalmassauces.com\/es_us\/wp-json\/wp\/v2\/media\/7970"}],"wp:attachment":[{"href":"https:\/\/laspalmassauces.com\/es_us\/wp-json\/wp\/v2\/media?parent=7892"}],"curies":[{"name":"wp","href":"https:\/\/api.w.org\/{rel}","templated":true}]}}